{"id":2027,"date":"2020-06-08T16:53:18","date_gmt":"2020-06-08T15:53:18","guid":{"rendered":"https:\/\/philippines.business\/branchen\/automotive\/"},"modified":"2021-02-25T11:00:04","modified_gmt":"2021-02-25T11:00:04","slug":"automobilindustrie","status":"publish","type":"page","link":"https:\/\/philippines.business\/de\/branchen\/automobilindustrie\/","title":{"rendered":"Automobilindustrie"},"content":{"rendered":"<p>[vc_row row_type=&#8220;row&#8220; use_row_as_full_screen_section=&#8220;no&#8220; type=&#8220;full_width&#8220; text_align=&#8220;center&#8220; background_image=&#8220;1375&#8243; background_animation=&#8220;none&#8220; css_animation=&#8220;&#8220; css=&#8220;.vc_custom_1599127586615{background-color: #1226AA !important;}&#8220; el_class=&#8220;COPYWHITE controlled-h1&#8243;][vc_column][vc_empty_space height=&#8220;100px&#8220;][vc_empty_space height=&#8220;100px&#8220; el_class=&#8220;mobile-hidden&#8220;][vc_column_text]<\/p>\n<h1>AUTOMOBILINDUSTRIE<\/h1>\n<p>[\/vc_column_text][vc_empty_space height=&#8220;100px&#8220;][vc_empty_space height=&#8220;100px&#8220; el_class=&#8220;mobile-hidden&#8220;][\/vc_column][\/vc_row][vc_row row_type=&#8220;row&#8220; use_row_as_full_screen_section=&#8220;no&#8220; type=&#8220;grid&#8220; text_align=&#8220;left&#8220; background_animation=&#8220;none&#8220; padding_top=&#8220;80&#8243; padding_bottom=&#8220;80&#8243; css_animation=&#8220;&#8220;][vc_column width=&#8220;1\/2&#8243;][vc_column_text]<\/p>\n<h3>ETABLIERTE BRANCHE<\/h3>\n<p>[\/vc_column_text][vc_empty_space height=&#8220;20px&#8220;][vc_column_text]<\/p>\n<p class=\"p1\"><span style=\"font-weight: 400;\">Unsere Automobilindustrie ist bereits in die gr\u00f6\u00dften weltweiten Wertsch\u00f6pfungsketten integriert \u2013 Unternehmen wie Denso, Fujitsu, Continental und Yazaki wissen bereits, wie sehr wir ihnen bei der Umsetzung ihrer Projekte helfen.<\/span><\/p>\n<p>[\/vc_column_text][vc_empty_space height=&#8220;40px&#8220;][vc_column_text]<\/p>\n<h3>STARKE INDUSTRIEVERBINDUNGEN<\/h3>\n<p>[\/vc_column_text][vc_empty_space height=&#8220;20px&#8220;][vc_column_text]<\/p>\n<p class=\"p1\"><span style=\"font-weight: 400;\">Investoren in unseren Automobilsektor profitieren von der St\u00e4rke unserer vereinten Industriebranchen. Von Guss- und Formteilen bis hin zu unserem weltweit f\u00fchrenden IT-BPM-Sektor (Informationstechnologie und Gesch\u00e4ftsprozessmanagement) k\u00f6nnen wir schnell auf Ver\u00e4nderung in diesem sich rasant wandelnden Markt reagieren.<\/span><\/p>\n<p>[\/vc_column_text][vc_empty_space height=&#8220;40px&#8220;][vc_column_text]<\/p>\n<h3>STAATLICHE UNTERST\u00dcTZUNG<\/h3>\n<p>[\/vc_column_text][vc_empty_space height=&#8220;20px&#8220;][vc_column_text]<\/p>\n<p class=\"p1\"><span style=\"font-weight: 400;\">Es besteht bereits ein umfangreicher gesetzlicher und politischer Rahmen f\u00fcr die Unterst\u00fctzung der Entwicklung der Automobilbranche. Bedeutende Transport- und Infrastrukturprojekte werden die Nachfrage nach Autos im Inland steigern. Durch spezielle Anreize bieten wir au\u00dferdem produktions- oder leistungsbasierte steuerliche Unterst\u00fctzung f\u00fcr Automobilunternehmen mit Schwerpunkt bei der Entwicklung der Elektrofahrzeugindustrie.<\/span><\/p>\n<p>[\/vc_column_text][\/vc_column][vc_column width=&#8220;1\/2&#8243;][vc_single_image image=&#8220;1373&#8243; img_size=&#8220;large&#8220; alignment=&#8220;center&#8220; qode_css_animation=&#8220;&#8220;][\/vc_column][\/vc_row][vc_row row_type=&#8220;row&#8220; use_row_as_full_screen_section=&#8220;no&#8220; type=&#8220;grid&#8220; text_align=&#8220;center&#8220; background_animation=&#8220;none&#8220; padding_top=&#8220;80&#8243; padding_bottom=&#8220;40&#8243; css_animation=&#8220;&#8220; css=&#8220;.vc_custom_1591625660923{background-color: #1226AA !important;}&#8220; el_class=&#8220;COPYWHITE&#8220;][vc_column][vc_column_text]<\/p>\n<h2>Wichtige statistische Angaben<\/h2>\n<p>[\/vc_column_text][\/vc_column][\/vc_row][vc_row row_type=&#8220;row&#8220; use_row_as_full_screen_section=&#8220;no&#8220; type=&#8220;grid&#8220; text_align=&#8220;left&#8220; background_animation=&#8220;none&#8220; padding_top=&#8220;40&#8243; padding_bottom=&#8220;100&#8243; css_animation=&#8220;&#8220; css=&#8220;.vc_custom_1591628046818{background-color: #1226AA !important;}&#8220; el_class=&#8220;COPYWHITE&#8220;][vc_column width=&#8220;1\/4&#8243;]<div class='q_icon_with_title very_large normal_icon center'><div class=\"icon_holder q_icon_animation\" style=\" transition-delay: 100ms; -webkit-transition-delay: 100ms; -moz-transition-delay: 100ms; -o-transition-delay: 100ms;\"><div class=\"icon_holder_inner\"><span style=\"color: #ffffff;\" class=\"q_font_awsome_icon fa-5x \"><i class=\"icon_text_icon fa fa-gears\"><\/i><\/span><\/div><\/div><div class=\"icon_text_holder\" style=\"\"><div class=\"icon_text_inner\" style=\"\"><h2 class=\"icon_title\" style=\"color: #ffffff\">\u00dcber 4 Mrd. USD<\/h2><p style=''>j\u00e4hrlicher Exportwert unserer Automobilteile<\/p><\/div><\/div><\/div>[\/vc_column][vc_column width=&#8220;1\/4&#8243;]<div class='q_icon_with_title very_large normal_icon center'><div class=\"icon_holder q_icon_animation\" style=\" transition-delay: 200ms; -webkit-transition-delay: 200ms; -moz-transition-delay: 200ms; -o-transition-delay: 200ms;\"><div class=\"icon_holder_inner\"><span style=\"color: #ffffff;\" class=\"q_font_awsome_icon fa-5x \"><i class=\"icon_text_icon fa fa-users\"><\/i><\/span><\/div><\/div><div class=\"icon_text_holder\" style=\"\"><div class=\"icon_text_inner\" style=\"\"><h2 class=\"icon_title\" style=\"color: #ffffff\">70.000<\/h2><p style=''>Mitarbeiter in der Automobilindustrie<\/p><\/div><\/div><\/div>[\/vc_column][vc_column width=&#8220;1\/4&#8243;]<div class='q_icon_with_title very_large normal_icon center'><div class=\"icon_holder q_icon_animation\" style=\" transition-delay: 300ms; -webkit-transition-delay: 300ms; -moz-transition-delay: 300ms; -o-transition-delay: 300ms;\"><div class=\"icon_holder_inner\"><span style=\"color: #ffffff;\" class=\"q_font_awsome_icon fa-5x \"><i class=\"icon_text_icon fa fa-car\"><\/i><\/span><\/div><\/div><div class=\"icon_text_holder\" style=\"\"><div class=\"icon_text_inner\" style=\"\"><h2 class=\"icon_title\" style=\"color: #ffffff\">\u00dcber 300.000<\/h2><p style=''>verkaufte Autos pro Jahr<\/p><\/div><\/div><\/div>[\/vc_column][vc_column width=&#8220;1\/4&#8243;]<div class='q_icon_with_title very_large normal_icon center'><div class=\"icon_holder q_icon_animation\" style=\" transition-delay: 400ms; -webkit-transition-delay: 400ms; -moz-transition-delay: 400ms; -o-transition-delay: 400ms;\"><div class=\"icon_holder_inner\"><span style=\"color: #ffffff;\" class=\"q_font_awsome_icon fa-5x \"><i class=\"icon_text_icon fa fa-code-fork\"><\/i><\/span><\/div><\/div><div class=\"icon_text_holder\" style=\"\"><div class=\"icon_text_inner\" style=\"\"><h2 class=\"icon_title\" style=\"color: #ffffff\">\u00dcber 55<\/h2><p style=''>Gie\u00dfereibetriebe f\u00fcr die Zulieferung zu Automobilherstellern.<\/p><\/div><\/div><\/div>[\/vc_column][\/vc_row][vc_row row_type=&#8220;row&#8220; use_row_as_full_screen_section=&#8220;no&#8220; type=&#8220;grid&#8220; text_align=&#8220;left&#8220; background_animation=&#8220;none&#8220; padding_top=&#8220;60&#8243; padding_bottom=&#8220;60&#8243; css_animation=&#8220;&#8220;][vc_column width=&#8220;1\/3&#8243;][\/vc_column][vc_column width=&#8220;2\/3&#8243;][vc_column_text]<\/p>\n<h3>\u00dcBERBLICK AUTOMOBILINDUSTRIE<\/h3>\n<p>[\/vc_column_text][vc_empty_space height=&#8220;20px&#8220;][vc_column_text]<span style=\"font-weight: 400;\">Wir verf\u00fcgen im Herzen unseres Fertigungs-\u00d6kosystems \u00fcber eine etablierte Automobilindustrie, die eine solide Grundlage f\u00fcr schnelle Expansionen bietet. In enger Zusammenarbeit mit den staatlichen Stellen zur F\u00f6rderung und Erweiterung des Wachstums in den Philippinen stehen unsere Automobilunternehmen bereit, eine Schl\u00fcsselrolle in der weltweiten Wertsch\u00f6pfungskette zu \u00fcbernehmen. Unsere qualifizierten und erfahrenen Teilehersteller sind gut ger\u00fcstet, um mit ehrgeizigen Investoren im Bereich Montage Partnerschaften einzugehen. Bedeutende multinationale Automobilunternehmen nutzen bereits heute die Chancen, die hier existieren \u2013 und wir wollen noch mehr tun.<\/span><\/p>\n<p><span style=\"font-weight: 400;\">Zu den gro\u00dfen Montagebetrieben mit Standort in den Philippinen geh\u00f6ren:<\/span><\/p>\n<ul>\n<li><span style=\"font-weight: 400;\">Toyota<\/span><\/li>\n<li><span style=\"font-weight: 400;\">Mitsubishi<\/span><\/li>\n<li><span style=\"font-weight: 400;\">Honda<\/span><\/li>\n<li><span style=\"font-weight: 400;\">Denso<\/span><\/li>\n<li><span style=\"font-weight: 400;\">KTM<\/span><\/li>\n<li><span style=\"font-weight: 400;\">Scania<\/span><\/li>\n<li><span style=\"font-weight: 400;\">Volvo<\/span><\/li>\n<\/ul>\n<p><span style=\"font-weight: 400;\">Einige der bedeutendsten Teilehersteller sind:<\/span><\/p>\n<ul>\n<li><span style=\"font-weight: 400;\">Yazaki Torres<\/span><\/li>\n<li><span style=\"font-weight: 400;\">International Wiring Systems<\/span><\/li>\n<li><span style=\"font-weight: 400;\">Asian Transmission Corp<\/span><\/li>\n<\/ul>\n<p><span style=\"font-weight: 400;\">Wir besitzen Zugang zu zentralen M\u00e4rkten und sind bereit, zum Automobildrehkreuz im Asien-Pazifik-Raum zu werden. Mit zunehmendem Wachstum unserer Bev\u00f6lkerung und Anstieg des Durchschnittseinkommens wird die inl\u00e4ndische Nachfrage nach Autos und Motorr\u00e4dern aller Voraussicht nach deutlich steigen.<\/span><\/p>\n<p><span style=\"font-weight: 400;\">Unsere Metallgussindustrie steht bereit, die Nachfrage nach neuen Materialien zu befriedigen. Aluminium-Lithium-Legierungen sind heute die erste Wahl in der Luft- und Raumfahrtindustrie. Die Herstellung von Aluminium- und Magnesiumlegierungen wird die Nachfrage nach leichtgewichtigen Automobilteilen und -komponenten befriedigen. Investoren k\u00f6nnen sich auf die Leistung unserer Branche verlassen.<\/span><\/p>\n<p><span style=\"font-weight: 400;\">Die Schaffung eines zukunftssicheren Automobilsektors ist unser Ziel. Industrie und Regierung arbeiten gemeinsam an der Entwicklung der idealen Bedingungen f\u00fcr Investitionen. Von Innovationen bei Elektrofahrzeugen bis hin zur Verbesserung der \u00f6ffentlichen Verkehrsmittel durch Modernisierung unserer ber\u00fchmten Jeepney-Flotte \u2013 die Philippinen setzen Projekte um!<\/span>[\/vc_column_text][\/vc_column][\/vc_row][vc_row row_type=&#8220;row&#8220; use_row_as_full_screen_section=&#8220;no&#8220; type=&#8220;grid&#8220; text_align=&#8220;left&#8220; background_animation=&#8220;none&#8220; css_animation=&#8220;&#8220;][vc_column offset=&#8220;vc_hidden-lg vc_hidden-md vc_hidden-sm vc_hidden-xs&#8220;][vc_empty_space height=&#8220;60px&#8220;][vc_empty_space height=&#8220;100px&#8220; el_class=&#8220;mobile-hidden&#8220;][vc_column_text][\/vc_column_text][vc_empty_space height=&#8220;60px&#8220; el_class=&#8220;mobile-hidden&#8220;][vc_empty_space height=&#8220;100px&#8220; el_class=&#8220;mobile-hidden&#8220;][\/vc_column][\/vc_row][vc_row row_type=&#8220;row&#8220; use_row_as_full_screen_section=&#8220;no&#8220; type=&#8220;grid&#8220; text_align=&#8220;left&#8220; background_animation=&#8220;none&#8220; padding_top=&#8220;160&#8243; padding_bottom=&#8220;160&#8243; css_animation=&#8220;&#8220; el_class=&#8220;COPYWHITE&#8220; css=&#8220;.vc_custom_1599465255633{background-color: #1226AA !important;}&#8220;][vc_column width=&#8220;1\/2&#8243;][vc_single_image image=&#8220;1524&#8243; img_size=&#8220;large&#8220; qode_css_animation=&#8220;&#8220;][\/vc_column][vc_column width=&#8220;1\/2&#8243;][vc_column_text]<\/p>\n<h2>Mitsubishi<\/h2>\n<p>[\/vc_column_text][vc_empty_space height=&#8220;40px&#8220; el_class=&#8220;mobile-hidden&#8220;][vc_column_text]Der Automobilriese Mitsubishi Motors ist seit mehr als 50 Jahren in den Philippinen t\u00e4tig. Das Unternehmen sch\u00e4tzt an dem strategischen Standort in den Philippinen vor allem die F\u00e4higkeit, den wachsenden ASEAN-Markt zu erreichen, und betrachtet die Philippinen als idealen Standort f\u00fcr den Import und Export von G\u00fctern.<\/p>\n<p>Den Einsatz, den der Staat zeigt, um das Wachstum im Automobilmarkt zu f\u00f6rdern, hat dazu gef\u00fchrt, dass Mitsubishi seit mehr als f\u00fcnf Jahrzehnten nachhaltiges Wachstum verzeichnet. Der CEO von Mitsubishi ermuntert andere in der Branche, die attraktiven Gesch\u00e4ftschancen, die die Philippinen bieten, zu ergreifen.[\/vc_column_text][\/vc_column][\/vc_row][vc_row row_type=&#8220;row&#8220; use_row_as_full_screen_section=&#8220;no&#8220; type=&#8220;full_width&#8220; text_align=&#8220;center&#8220; background_animation=&#8220;none&#8220; padding_top=&#8220;0&#8243; padding_bottom=&#8220;0&#8243; css_animation=&#8220;&#8220;][vc_column][vc_empty_space height=&#8220;60px&#8220;][vc_empty_space height=&#8220;120px&#8220; el_class=&#8220;mobile-hidden&#8220;][vc_column_text]<\/p>\n<h2>Sie m\u00f6chten \u00fcber Ihr Vorhaben sprechen?<\/h2>\n<p>[\/vc_column_text][vc_empty_space height=&#8220;40px&#8220;][vc_column_text]<\/p>\n<div class=\"wpb_text_column wpb_content_element \">\n<div class=\"wpb_wrapper\">\n<h4 class=\"p1\">Fordern Sie noch heute eine kostenlose Beratung durch einen unserer Investmentspezialisten an.<\/h4>\n<\/div>\n<\/div>\n<p>[\/vc_column_text][vc_empty_space height=&#8220;40px&#8220;]<a href=\"\/de\/kontakt\/\" target=\"_self\"  class=\"qbutton  large\" style=\"\">Kontaktieren Sie uns<\/a>[vc_empty_space height=&#8220;60px&#8220;][vc_empty_space height=&#8220;120px&#8220; el_class=&#8220;mobile-hidden&#8220;][\/vc_column][\/vc_row]<\/p>\n","protected":false},"excerpt":{"rendered":"<p>[vc_row row_type=&#8220;row&#8220; use_row_as_full_screen_section=&#8220;no&#8220; type=&#8220;full_width&#8220; text_align=&#8220;center&#8220; background_image=&#8220;1375&#8243; background_animation=&#8220;none&#8220; css_animation=&#8220;&#8220; css=&#8220;.vc_custom_1599127586615{background-color: #1226AA !important;}&#8220; el_class=&#8220;COPYWHITE controlled-h1&#8243;][vc_column][vc_empty_space height=&#8220;100px&#8220;][vc_empty_space height=&#8220;100px&#8220; el_class=&#8220;mobile-hidden&#8220;][vc_column_text] AUTOMOBILINDUSTRIE [\/vc_column_text][vc_empty_space height=&#8220;100px&#8220;][vc_empty_space height=&#8220;100px&#8220; el_class=&#8220;mobile-hidden&#8220;][\/vc_column][\/vc_row][vc_row row_type=&#8220;row&#8220; use_row_as_full_screen_section=&#8220;no&#8220; type=&#8220;grid&#8220; text_align=&#8220;left&#8220; background_animation=&#8220;none&#8220; padding_top=&#8220;80&#8243; padding_bottom=&#8220;80&#8243; css_animation=&#8220;&#8220;][vc_column width=&#8220;1\/2&#8243;][vc_column_text] ETABLIERTE BRANCHE [\/vc_column_text][vc_empty_space height=&#8220;20px&#8220;][vc_column_text] Unsere Automobilindustrie ist bereits in die gr\u00f6\u00dften weltweiten Wertsch\u00f6pfungsketten integriert \u2013&#8230;<\/p>\n","protected":false},"author":1,"featured_media":0,"parent":2017,"menu_order":0,"comment_status":"closed","ping_status":"closed","template":"full_width.php","meta":{"footnotes":""},"class_list":["post-2027","page","type-page","status-publish","hentry"],"_links":{"self":[{"href":"https:\/\/philippines.business\/de\/wp-json\/wp\/v2\/pages\/2027","targetHints":{"allow":["GET"]}}],"collection":[{"href":"https:\/\/philippines.business\/de\/wp-json\/wp\/v2\/pages"}],"about":[{"href":"https:\/\/philippines.business\/de\/wp-json\/wp\/v2\/types\/page"}],"author":[{"embeddable":true,"href":"https:\/\/philippines.business\/de\/wp-json\/wp\/v2\/users\/1"}],"replies":[{"embeddable":true,"href":"https:\/\/philippines.business\/de\/wp-json\/wp\/v2\/comments?post=2027"}],"version-history":[{"count":8,"href":"https:\/\/philippines.business\/de\/wp-json\/wp\/v2\/pages\/2027\/revisions"}],"predecessor-version":[{"id":7519,"href":"https:\/\/philippines.business\/de\/wp-json\/wp\/v2\/pages\/2027\/revisions\/7519"}],"up":[{"embeddable":true,"href":"https:\/\/philippines.business\/de\/wp-json\/wp\/v2\/pages\/2017"}],"wp:attachment":[{"href":"https:\/\/philippines.business\/de\/wp-json\/wp\/v2\/media?parent=2027"}],"curies":[{"name":"wp","href":"https:\/\/api.w.org\/{rel}","templated":true}]}}