{"id":1998,"date":"2020-06-03T15:57:07","date_gmt":"2020-06-03T14:57:07","guid":{"rendered":"https:\/\/philippines.business\/invest\/"},"modified":"2021-02-04T11:49:23","modified_gmt":"2021-02-04T11:49:23","slug":"invest","status":"publish","type":"page","link":"https:\/\/philippines.business\/de\/","title":{"rendered":"Startseite"},"content":{"rendered":"<p>[vc_row row_type=&#8220;row&#8220; use_row_as_full_screen_section=&#8220;no&#8220; type=&#8220;full_width&#8220; text_align=&#8220;center&#8220; background_image=&#8220;1367&#8243; background_animation=&#8220;none&#8220; padding_top=&#8220;240&#8243; padding_bottom=&#8220;240&#8243; css_animation=&#8220;&#8220; css=&#8220;.vc_custom_1599469143722{background-color: #1226aa !important;}&#8220; el_class=&#8220;COPYWHITE&#8220;][vc_column][vc_column_text el_class=&#8220;controlled-h1&#8243;]<\/p>\n<h1>DAS IDEALE ZIEL F\u00dcR IHRE INVESTITION<\/h1>\n<p>[\/vc_column_text][vc_empty_space height=&#8220;60px&#8220;]<a href=\"\/de\/unternehmen-gruenden\/\" target=\"_self\" data-hover-background-color=#c02d24 data-hover-border-color=#c02d24 data-hover-color=#ffffff class=\"qbutton  large\" style=\"color: #1226aa; border-color: #ffffff; background-color: #ffffff;\">MAKE IT HAPPEN IN THE PHILIPPINES<\/a>[\/vc_column][\/vc_row][vc_row row_type=&#8220;row&#8220; use_row_as_full_screen_section=&#8220;no&#8220; type=&#8220;grid&#8220; text_align=&#8220;center&#8220; background_animation=&#8220;none&#8220; padding_top=&#8220;100&#8243; padding_bottom=&#8220;100&#8243; css_animation=&#8220;&#8220;][vc_column][vc_column_text]<\/p>\n<h4>Ihre Lage in einer der am schnellsten wachsenden Wirtschaftsregionen der Welt machen die Philippinen zu einem idealen Ziel f\u00fcr Investitionen. Hier bietet sich Unternehmen ein einzigartiger Zugang zu einem gro\u00dfen Endverbrauchermarkt und zu hervorragenden Handelsm\u00f6glichkeiten in Asien und dar\u00fcber hinaus. Wirtschaftsfreundliche Gesetze machen die Philippinen attraktiv f\u00fcr internationale Unternehmen und das unternehmensfreundliche Umfeld, dem sich das Land verschrieben hat, machen den Zeitpunkt perfekt f\u00fcr die Umsetzung Ihres Vorhabens \u2013 Make it happen in the Philippines!<\/h4>\n<p>[\/vc_column_text][\/vc_column][\/vc_row][vc_row row_type=&#8220;row&#8220; use_row_as_full_screen_section=&#8220;no&#8220; type=&#8220;grid&#8220; text_align=&#8220;center&#8220; background_animation=&#8220;none&#8220; padding_bottom=&#8220;100&#8243; css_animation=&#8220;&#8220;][vc_column width=&#8220;1\/4&#8243;]<div class='q_icon_with_title very_large normal_icon center'><div class=\"icon_holder q_icon_animation\" style=\" transition-delay: 100ms; -webkit-transition-delay: 100ms; -moz-transition-delay: 100ms; -o-transition-delay: 100ms;\"><div class=\"icon_holder_inner\"><span style=\"color: #1226aa;\" class=\"q_font_awsome_icon fa-5x \"><i class=\"icon_text_icon fa fa-group\"><\/i><\/span><\/div><\/div><div class=\"icon_text_holder\" style=\"\"><div class=\"icon_text_inner\" style=\"\"><h3 class=\"icon_title\" style=\"color: #1226aa\">110 Millionen<\/h3><p style=''>Bev\u00f6lkerung<\/p><\/div><\/div><\/div>[\/vc_column][vc_column width=&#8220;1\/4&#8243;]<div class='q_icon_with_title very_large normal_icon center'><div class=\"icon_holder q_icon_animation\" style=\" transition-delay: 200ms; -webkit-transition-delay: 200ms; -moz-transition-delay: 200ms; -o-transition-delay: 200ms;\"><div class=\"icon_holder_inner\"><span style=\"color: #1226aa;\" class=\"q_font_awsome_icon fa-5x \"><i class=\"icon_text_icon fa fa-building\"><\/i><\/span><\/div><\/div><div class=\"icon_text_holder\" style=\"\"><div class=\"icon_text_inner\" style=\"\"><h3 class=\"icon_title\" style=\"color: #1226aa\">1,42 Millionen<\/h3><p style=''>Anzahl Unternehmen<\/p><\/div><\/div><\/div>[\/vc_column][vc_column width=&#8220;1\/4&#8243;]<div class='q_icon_with_title very_large normal_icon center'><div class=\"icon_holder q_icon_animation\" style=\" transition-delay: 300ms; -webkit-transition-delay: 300ms; -moz-transition-delay: 300ms; -o-transition-delay: 300ms;\"><div class=\"icon_holder_inner\"><span style=\"color: #1226aa;\" class=\"q_font_awsome_icon fa-5x \"><i class=\"icon_text_icon fa fa-bank\"><\/i><\/span><\/div><\/div><div class=\"icon_text_holder\" style=\"\"><div class=\"icon_text_inner\" style=\"\"><h3 class=\"icon_title\" style=\"color: #1226aa\">360 Mrd. USD<\/h3><p style=''>BIP<\/p><\/div><\/div><\/div>[\/vc_column][vc_column width=&#8220;1\/4&#8243;]<div class='q_icon_with_title very_large normal_icon center'><div class=\"icon_holder q_icon_animation\" style=\" transition-delay: 400ms; -webkit-transition-delay: 400ms; -moz-transition-delay: 400ms; -o-transition-delay: 400ms;\"><div class=\"icon_holder_inner\"><span style=\"color: #1226aa;\" class=\"q_font_awsome_icon fa-5x \"><i class=\"icon_text_icon fa fa-handshake-o\"><\/i><\/span><\/div><\/div><div class=\"icon_text_holder\" style=\"\"><div class=\"icon_text_inner\" style=\"\"><h3 class=\"icon_title\" style=\"color: #1226aa\">24 %<\/h3><p style=''>Steigerung Wirtschaftsfreundlichkeit<\/p><\/div><\/div><\/div>[\/vc_column][\/vc_row][vc_row row_type=&#8220;row&#8220; use_row_as_full_screen_section=&#8220;no&#8220; type=&#8220;grid&#8220; text_align=&#8220;left&#8220; background_animation=&#8220;none&#8220; padding_top=&#8220;100&#8243; padding_bottom=&#8220;100&#8243; css_animation=&#8220;&#8220; css=&#8220;.vc_custom_1599469153492{background-color: #1226aa !important;}&#8220; el_class=&#8220;COPYWHITE&#8220;][vc_column width=&#8220;1\/2&#8243;][vc_single_image image=&#8220;318&#8243; img_size=&#8220;medium&#8220; alignment=&#8220;center&#8220; qode_css_animation=&#8220;&#8220;][vc_empty_space height=&#8220;40px&#8220;][\/vc_column][vc_column width=&#8220;1\/2&#8243;][vc_column_text]<\/p>\n<h2 style=\"color: #ffffff;\">\u00dcBER<\/h2>\n<p>[\/vc_column_text][vc_empty_space height=&#8220;40px&#8220; el_class=&#8220;mobile-hidden&#8220;][vc_column_text]<\/p>\n<p class=\"p1\">Ein Land, reich an nat\u00fcrlichen Ressourcen und talentierten Menschen: Die Philippinen sind Heimat vielf\u00e4ltiger Regionen und einer starken Basis aus qualifizierten Arbeitskr\u00e4ften, die sich f\u00fcr den Erfolg Ihres Unternehmens engagieren.<\/p>\n<p>[\/vc_column_text][vc_empty_space height=&#8220;40px&#8220;]<a href=\"\/de\/ueber-die-philippinen\/\" target=\"_self\" data-hover-background-color=#ffffff data-hover-border-color=#ffffff data-hover-color=#c02d24 class=\"qbutton  medium\" style=\"\">Mehr \u00fcber die Philippinen erfahren<\/a>[\/vc_column][\/vc_row][vc_row row_type=&#8220;row&#8220; use_row_as_full_screen_section=&#8220;no&#8220; type=&#8220;grid&#8220; text_align=&#8220;left&#8220; background_animation=&#8220;none&#8220; padding_top=&#8220;100&#8243; css_animation=&#8220;&#8220; css=&#8220;.vc_custom_1593524692071{padding-top: 0px !important;}&#8220;][vc_column][vc_empty_space height=&#8220;40px&#8220;][vc_empty_space height=&#8220;60px&#8220; el_class=&#8220;mobile-hidden&#8220;][vc_column_text]<\/p>\n<h2>Wichtigste Branchen<\/h2>\n<p>[\/vc_column_text][\/vc_column][\/vc_row][vc_row row_type=&#8220;row&#8220; use_row_as_full_screen_section=&#8220;no&#8220; type=&#8220;grid&#8220; text_align=&#8220;left&#8220; background_animation=&#8220;none&#8220; padding_top=&#8220;50&#8243; css_animation=&#8220;&#8220;][vc_column width=&#8220;1\/3&#8243;][vc_separator type=&#8220;normal&#8220; border_style=&#8220;&#8220; thickness=&#8220;1&#8243; up=&#8220;0&#8243; down=&#8220;20&#8243; color=&#8220;#1e73be&#8220;][vc_column_text]<a href=\"\/de\/branchen\/raum-und-luftfahrt\/\">Raum- und Luftfahrt \u2192<\/a>[\/vc_column_text][vc_separator type=&#8220;normal&#8220; border_style=&#8220;&#8220; up=&#8220;20&#8243; down=&#8220;20&#8243; color=&#8220;#1e73be&#8220;][vc_column_text]<a href=\"\/de\/branchen\/kupferindustrie\/\">Kupferindustrie \u2192<\/a>[\/vc_column_text][vc_separator type=&#8220;normal&#8220; border_style=&#8220;&#8220; thickness=&#8220;1&#8243; up=&#8220;20&#8243; down=&#8220;20&#8243; color=&#8220;#1e73be&#8220;][vc_column_text]<a href=\"\/de\/branchen\/automobilindustrie\/\">Automobilindustrie \u2192<\/a>[\/vc_column_text][vc_separator type=&#8220;normal&#8220; border_style=&#8220;&#8220; thickness=&#8220;1&#8243; up=&#8220;20&#8243; color=&#8220;#1e73be&#8220;][\/vc_column][vc_column width=&#8220;1\/3&#8243;][vc_separator type=&#8220;normal&#8220; border_style=&#8220;&#8220; thickness=&#8220;1&#8243; up=&#8220;0&#8243; down=&#8220;20&#8243; color=&#8220;#1e73be&#8220; el_class=&#8220;mobile-hidden&#8220;][vc_column_text]<a href=\"\/de\/branchen\/it-und-geschaeftsprozessmanagement\/\">IT und Gesch\u00e4ftsprozessmanagement \u2192<\/a>[\/vc_column_text][vc_separator type=&#8220;normal&#8220; border_style=&#8220;&#8220; thickness=&#8220;1&#8243; up=&#8220;20&#8243; down=&#8220;20&#8243; color=&#8220;#1e73be&#8220;][vc_column_text]<a href=\"\/de\/branchen\/elektroindustrie\/\">Elektronik \u2192<\/a>[\/vc_column_text][\/vc_column][vc_column width=&#8220;1\/3&#8243;][vc_empty_space height=&#8220;40px&#8220; el_class=&#8220;mobile-hidden&#8220;][vc_single_image image=&#8220;1424&#8243; img_size=&#8220;full&#8220; alignment=&#8220;center&#8220; qode_css_animation=&#8220;&#8220;][vc_empty_space height=&#8220;40px&#8220;][\/vc_column][\/vc_row][vc_row row_type=&#8220;row&#8220; use_row_as_full_screen_section=&#8220;no&#8220; type=&#8220;grid&#8220; text_align=&#8220;left&#8220; background_animation=&#8220;none&#8220; padding_bottom=&#8220;100&#8243; css_animation=&#8220;&#8220; css=&#8220;.vc_custom_1593524893521{padding-bottom: 0px !important;}&#8220;][vc_column]<a href=\"\/de\/branchen\/\" target=\"_self\"  class=\"qbutton  medium\" style=\"\">ALLE BRANCHEN SEHEN<\/a>[vc_empty_space height=&#8220;50px&#8220; el_class=&#8220;mobile-hidden&#8220;][vc_empty_space height=&#8220;50px&#8220;][\/vc_column][\/vc_row][vc_row row_type=&#8220;row&#8220; use_row_as_full_screen_section=&#8220;no&#8220; type=&#8220;grid&#8220; text_align=&#8220;left&#8220; background_animation=&#8220;none&#8220; padding_top=&#8220;100&#8243; css_animation=&#8220;&#8220; css=&#8220;.vc_custom_1593525098335{padding-top: 0px !important;}&#8220;][vc_column][vc_column_text]<\/p>\n<p class=\"p1\"><\/p>\n<p>[\/vc_column_text][\/vc_column][\/vc_row][vc_row row_type=&#8220;row&#8220; use_row_as_full_screen_section=&#8220;no&#8220; type=&#8220;full_width&#8220; text_align=&#8220;center&#8220; background_animation=&#8220;none&#8220; padding_top=&#8220;100&#8243; padding_bottom=&#8220;160&#8243; css_animation=&#8220;&#8220; css=&#8220;.vc_custom_1593525144197{padding-top: 0px !important;}&#8220;][vc_column][vc_empty_space height=&#8220;100px&#8220; el_class=&#8220;mobile-hidden&#8220;][vc_column_text]<\/p>\n<h2>SIE M\u00d6CHTEN \u00dcBER IHR VORHABEN SPRECHEN?<\/h2>\n<p>[\/vc_column_text][vc_empty_space height=&#8220;40px&#8220;][vc_column_text]<\/p>\n<h4 class=\"p1\">Fordern Sie noch heute eine kostenlose Beratung durch einen unserer Investmentspezialisten an.<\/h4>\n<p>[\/vc_column_text][vc_empty_space height=&#8220;40px&#8220;]<a href=\"de\/kontakt\/\" target=\"_self\"  class=\"qbutton  large\" style=\"\">JETZT KONTAKTIEREN<\/a>[\/vc_column][\/vc_row]<\/p>\n","protected":false},"excerpt":{"rendered":"<p>[vc_row row_type=&#8220;row&#8220; use_row_as_full_screen_section=&#8220;no&#8220; type=&#8220;full_width&#8220; text_align=&#8220;center&#8220; background_image=&#8220;1367&#8243; background_animation=&#8220;none&#8220; padding_top=&#8220;240&#8243; padding_bottom=&#8220;240&#8243; css_animation=&#8220;&#8220; css=&#8220;.vc_custom_1599469143722{background-color: #1226aa !important;}&#8220; el_class=&#8220;COPYWHITE&#8220;][vc_column][vc_column_text el_class=&#8220;controlled-h1&#8243;] DAS IDEALE ZIEL F\u00dcR IHRE INVESTITION [\/vc_column_text][vc_empty_space height=&#8220;60px&#8220;][\/vc_column][\/vc_row][vc_row row_type=&#8220;row&#8220; use_row_as_full_screen_section=&#8220;no&#8220; type=&#8220;grid&#8220; text_align=&#8220;center&#8220; background_animation=&#8220;none&#8220; padding_top=&#8220;100&#8243; padding_bottom=&#8220;100&#8243; css_animation=&#8220;&#8220;][vc_column][vc_column_text] Ihre Lage in einer der am schnellsten wachsenden Wirtschaftsregionen der Welt machen die Philippinen&#8230;<\/p>\n","protected":false},"author":1,"featured_media":0,"parent":0,"menu_order":0,"comment_status":"closed","ping_status":"closed","template":"full_width.php","meta":{"footnotes":""},"class_list":["post-1998","page","type-page","status-publish","hentry"],"_links":{"self":[{"href":"https:\/\/philippines.business\/de\/wp-json\/wp\/v2\/pages\/1998","targetHints":{"allow":["GET"]}}],"collection":[{"href":"https:\/\/philippines.business\/de\/wp-json\/wp\/v2\/pages"}],"about":[{"href":"https:\/\/philippines.business\/de\/wp-json\/wp\/v2\/types\/page"}],"author":[{"embeddable":true,"href":"https:\/\/philippines.business\/de\/wp-json\/wp\/v2\/users\/1"}],"replies":[{"embeddable":true,"href":"https:\/\/philippines.business\/de\/wp-json\/wp\/v2\/comments?post=1998"}],"version-history":[{"count":9,"href":"https:\/\/philippines.business\/de\/wp-json\/wp\/v2\/pages\/1998\/revisions"}],"predecessor-version":[{"id":5835,"href":"https:\/\/philippines.business\/de\/wp-json\/wp\/v2\/pages\/1998\/revisions\/5835"}],"wp:attachment":[{"href":"https:\/\/philippines.business\/de\/wp-json\/wp\/v2\/media?parent=1998"}],"curies":[{"name":"wp","href":"https:\/\/api.w.org\/{rel}","templated":true}]}}